{"id":30,"date":"2025-08-15T14:19:15","date_gmt":"2025-08-15T12:19:15","guid":{"rendered":"https:\/\/sonavetcha.com\/?page_id=30"},"modified":"2025-08-23T11:51:53","modified_gmt":"2025-08-23T09:51:53","slug":"udalosti","status":"publish","type":"page","link":"https:\/\/sonavetcha.com\/en\/udalosti\/","title":{"rendered":"Events"},"content":{"rendered":"<div data-elementor-type=\"wp-page\" data-elementor-id=\"30\" class=\"elementor elementor-30\" data-elementor-post-type=\"page\">\n\t\t\t\t<div class=\"elementor-element elementor-element-5d26d7a e-flex e-con-boxed e-con e-parent\" data-id=\"5d26d7a\" data-element_type=\"container\" data-settings=\"{&quot;shape_divider_top&quot;:&quot;curve&quot;}\">\n\t\t\t\t\t<div class=\"e-con-inner\">\n\t\t\t\t<div class=\"elementor-shape elementor-shape-top\" aria-hidden=\"true\" data-negative=\"false\">\n\t\t\t<svg xmlns=\"http:\/\/www.w3.org\/2000\/svg\" viewbox=\"0 0 1000 100\" preserveaspectratio=\"none\">\n    <path class=\"elementor-shape-fill\" d=\"M1000,4.3V0H0v4.3C0.9,23.1,126.7,99.2,500,100S1000,22.7,1000,4.3z\"\/>\n<\/svg>\t\t<\/div>\n\t\t\t\t<div class=\"elementor-element elementor-element-5622744 elementor-widget elementor-widget-hfe-breadcrumbs-widget\" data-id=\"5622744\" data-element_type=\"widget\" data-widget_type=\"hfe-breadcrumbs-widget.default\">\n\t\t\t\t<div class=\"elementor-widget-container\">\n\t\t\t\t\t<nav aria-label=\"Breadcrumb\"><ul class=\"hfe-breadcrumbs hfe-breadcrumbs-show-home\"><li class=\"hfe-breadcrumbs-item hfe-breadcrumbs-first\"><span class=\"hfe-breadcrumbs-home-icon\"><svg aria-hidden=\"true\" class=\"e-font-icon-svg e-fas-home\" viewbox=\"0 0 576 512\" xmlns=\"http:\/\/www.w3.org\/2000\/svg\"><path d=\"M280.37 148.26L96 300.11V464a16 16 0 0 0 16 16l112.06-.29a16 16 0 0 0 15.92-16V368a16 16 0 0 1 16-16h64a16 16 0 0 1 16 16v95.64a16 16 0 0 0 16 16.05L464 480a16 16 0 0 0 16-16V300L295.67 148.26a12.19 12.19 0 0 0-15.3 0zM571.6 251.47L488 182.56V44.05a12 12 0 0 0-12-12h-56a12 12 0 0 0-12 12v72.61L318.47 43a48 48 0 0 0-61 0L4.34 251.47a12 12 0 0 0-1.6 16.9l25.5 31A12 12 0 0 0 45.15 301l235.22-193.74a12.19 12.19 0 0 1 15.3 0L530.9 301a12 12 0 0 0 16.9-1.6l25.5-31a12 12 0 0 0-1.7-16.93z\"><\/path><\/svg><\/span><a href=\"https:\/\/sonavetcha.com\/en\"><span class=\"hfe-breadcrumbs-text\">Home<\/span><\/a><\/li><\/ul><\/nav>\t\t\t\t<\/div>\n\t\t\t\t<\/div>\n\t\t\t\t\t<\/div>\n\t\t\t\t<\/div>\n\t\t<div class=\"elementor-element elementor-element-7a53ff2 e-flex e-con-boxed e-con e-parent\" data-id=\"7a53ff2\" data-element_type=\"container\">\n\t\t\t\t\t<div class=\"e-con-inner\">\n\t\t\t\t<div class=\"elementor-element elementor-element-01e55fb elementor-widget elementor-widget-html\" data-id=\"01e55fb\" data-element_type=\"widget\" data-widget_type=\"html.default\">\n\t\t\t\t\t<div class=\"artist-events\">\n\n  <h2>Concerts &amp; performances<\/h2>\n  <ul>\n    <li>\n      <span class=\"event-date\">16. 10. 2024 \u2013 18:00<\/span>\n      author's concert of ZU\u0160 100 Jihlava, Gothic Hall of the Town Hall, Jihlava \u2014 composition \"Holograms\" for chamber ensemble\n    <\/li>\n    <li>\n      <span class=\"event-date\">6. 5. 2024<\/span>\n      concert on the theme <em>GOODBYE PLANET EARTH \u2026 creation and the fragility of being<\/em>, Faculty of Humanities, Charles University, Prague \u2014 composition \"The Destruction and Beauty of Nature\" for speaking piano, video track and orchestra, Berg Orchestra &amp; conductor Peter Vr\u00e1bel\n    <\/li>\n    <li>\n      <span class=\"event-date\">21. 03. 2024<\/span>\n      Zbraslav premiere concert, Zbraslav Music Festival 2024, Zbraslav \u2014 composition \"Paintings in the sand\", cello \u0160t\u011bp\u00e1n Fil\u00edpek, clarinet Anna Paulov\u00e1\n    <\/li>\n    <li>\n      <span class=\"event-date\">3. 10. 2023<\/span>\n      Concert Convergence \"poetry through music\", St. Lawrence Church, Prague \u2014 composition <em>Cracks in space-time<\/em>, ensemble Konvergence a host\u00e9\n    <\/li>\n    <li>\n      <span class=\"event-date\">25. 11. 2022<\/span>\n      concert as part of the International Shakuhachi Festival and NEIRO Unlimited series, Agnes Monastery, Prague \u2014 composition \"Next stop \u2013 The war\", libretto by Marie T\u0159e\u0161t\u00edkov\u00e1, shakuhachi by Reison Kuroda, voice by Annabelle Plum, cello by Bal\u00e1zs Adorj\u00e1n\n    <\/li>\n    <li>\n      <span class=\"event-date\">26. 10. 2022<\/span>\n      orchestral concert of HAMU students, Martin\u016f Hall, Prague \u2014 composition \"Cuts\", North Bohemian Philharmonic Orchestra Teplice, conductor Jan Bub\u00e1k\n    <\/li>\n    <li>\n      <span class=\"event-date\">17. 09. 2022<\/span>\n      International Cultural Heritage Day concert, Lieu d\u2019Europe, Strasbourg \u2014 composition \u201cSparks\u201d, Lovemusic ensemble\n    <\/li>\n    <li>\n      <span class=\"event-date\">15. 06. 2022<\/span>\n      Concert of the Convergence \"twenty\", Church of St. Lawrence, Prague \u2014 compositions \"Reflections of water mirrors\", \"Parallel worlds\", performed by the ensemble Convergence and guests\n    <\/li>\n    <li>\n      <span class=\"event-date\">13. 06. 2022<\/span>\n      concert on the theme <em>Universum\u2026 (v\u00fd)lety do vesm\u00edru<\/em>, Savarin, Praha \u2014 skladba \u201eOdlesky nebesk\u00fdch hv\u011bzd\u201c, Orchestr Berg, dirigent Peter Vr\u00e1bel\n    <\/li>\n    <li>\n      <span class=\"event-date\">02. 06. 2022<\/span>\n      17th Annual OSA Awards, audiovisual composition \"Tribute to Marek Kopelent\" \u2013 music component, Vzlet Theatre, Prague\n    <\/li>\n    <li>\n      <span class=\"event-date\">28. 05. 2022<\/span>\n      public examination of works by HAMU and JAMU composition students as part of Prague Offspring, DOX+, Prague \u2014 composition <em>Mystery of Ninja<\/em>, Klangforum Wien\n    <\/li>\n    <li>\n      <span class=\"event-date\">22. 03. 2022 \u2013 19:30<\/span>\n      concert as part of the \u201cTuesdays of the Arts Discussion\u201d, St. Lawrence Church, Prague \u2014 string quartet <em>Cracks in space-time<\/em>, Fama Q\n    <\/li>\n  <\/ul>\n\n<\/div>\n\n<style>\n\/* Kontejner a typografie *\/\n.artist-events {\n  font-family: \"Georgia\", serif;\n  line-height: 1.6;\n  max-width: 900px;\n  margin: 40px auto;\n  color: #222;\n}\n\n\/* Nadpis sekce *\/\n.artist-events h2 {\n  font-size: 1.8rem;\n  margin: 0 0 20px;\n  padding-bottom: 6px;\n  border-bottom: 2px solid #0056b3;\n  color: #0056b3;\n}\n\n\/* Seznam bez defaultn\u00edch odr\u00e1\u017eek *\/\n.artist-events ul {\n  list-style: none;\n  padding-left: 0;\n  margin: 0;\n}\n\n\/* Polo\u017eky + modr\u00e9 te\u010dky *\/\n.artist-events li {\n  position: relative;\n  padding-left: 28px;\n  margin-bottom: 12px;\n}\n\n.artist-events li::before {\n  content: \"\u2022\";\n  position: absolute;\n  left: 0;\n  top: 0;\n  color: #0056b3;       \/* modr\u00e1 odr\u00e1\u017eka *\/\n  font-weight: bold;\n  line-height: 1;\n}\n\n\/* Datum akce \u2013 decentn\u00ed zv\u00fdrazn\u011bn\u00ed *\/\n.artist-events .event-date {\n  font-weight: 700;\n  color: #111;\n  white-space: nowrap;\n  margin-right: 6px;\n}\n\n\/* Odkazy uvnit\u0159 (kdyby byly dopln\u011bny) *\/\n.artist-events a {\n  color: #0056b3;\n  text-decoration: underline;\n}\n\n.artist-events a:hover {\n  color: #003366;\n  text-decoration: none;\n}\n\n\/* Responsivn\u00ed drobnosti *\/\n@media (max-width: 600px) {\n  .artist-events h2 {\n    font-size: 1.5rem;\n  }\n  .artist-events li {\n    padding-left: 24px;\n  }\n}\n<\/style>\n\t\t\t\t<\/div>\n\t\t\t\t\t<\/div>\n\t\t\t\t<\/div>\n\t\t\t\t<\/div>","protected":false},"excerpt":{"rendered":"<p>\u00davod Koncerty &amp; proveden\u00ed 16. 10. 2024 \u2013 18:00 autorsk\u00fd koncert ZU\u0160 100 Jihlava, Gotick\u00e1 s\u00ed\u0148 radnice, Jihlava \u2014 skladba [&hellip;]<\/p>","protected":false},"author":1,"featured_media":0,"parent":0,"menu_order":0,"comment_status":"closed","ping_status":"closed","template":"elementor_header_footer","meta":{"site-sidebar-layout":"no-sidebar","site-content-layout":"plain-container","ast-site-content-layout":"full-width-container","site-content-style":"default","site-sidebar-style":"default","ast-global-header-display":"","ast-banner-title-visibility":"","ast-main-header-display":"","ast-hfb-above-header-display":"","ast-hfb-below-header-display":"","ast-hfb-mobile-header-display":"","site-post-title":"","ast-breadcrumbs-content":"","ast-featured-img":"disabled","footer-sml-layout":"","theme-transparent-header-meta":"enabled","adv-header-id-meta":"","stick-header-meta":"","header-above-stick-meta":"","header-main-stick-meta":"","header-below-stick-meta":"","astra-migrate-meta-layouts":"default","ast-page-background-enabled":"default","ast-page-background-meta":{"desktop":{"background-color":"var(--ast-global-color-5)","background-image":"","background-repeat":"repeat","background-position":"center center","background-size":"auto","background-attachment":"scroll","background-type":"","background-media":"","overlay-type":"","overlay-color":"","overlay-opacity":"","overlay-gradient":""},"tablet":{"background-color":"","background-image":"","background-repeat":"repeat","background-position":"center center","background-size":"auto","background-attachment":"scroll","background-type":"","background-media":"","overlay-type":"","overlay-color":"","overlay-opacity":"","overlay-gradient":""},"mobile":{"background-color":"","background-image":"","background-repeat":"repeat","background-position":"center center","background-size":"auto","background-attachment":"scroll","background-type":"","background-media":"","overlay-type":"","overlay-color":"","overlay-opacity":"","overlay-gradient":""}},"ast-content-background-meta":{"desktop":{"background-color":"var(--ast-global-color-4)","background-image":"","background-repeat":"repeat","background-position":"center center","background-size":"auto","background-attachment":"scroll","background-type":"","background-media":"","overlay-type":"","overlay-color":"","overlay-opacity":"","overlay-gradient":""},"tablet":{"background-color":"var(--ast-global-color-4)","background-image":"","background-repeat":"repeat","background-position":"center center","background-size":"auto","background-attachment":"scroll","background-type":"","background-media":"","overlay-type":"","overlay-color":"","overlay-opacity":"","overlay-gradient":""},"mobile":{"background-color":"var(--ast-global-color-4)","background-image":"","background-repeat":"repeat","background-position":"center center","background-size":"auto","background-attachment":"scroll","background-type":"","background-media":"","overlay-type":"","overlay-color":"","overlay-opacity":"","overlay-gradient":""}},"footnotes":""},"class_list":["post-30","page","type-page","status-publish","hentry"],"_links":{"self":[{"href":"https:\/\/sonavetcha.com\/en\/wp-json\/wp\/v2\/pages\/30","targetHints":{"allow":["GET"]}}],"collection":[{"href":"https:\/\/sonavetcha.com\/en\/wp-json\/wp\/v2\/pages"}],"about":[{"href":"https:\/\/sonavetcha.com\/en\/wp-json\/wp\/v2\/types\/page"}],"author":[{"embeddable":true,"href":"https:\/\/sonavetcha.com\/en\/wp-json\/wp\/v2\/users\/1"}],"replies":[{"embeddable":true,"href":"https:\/\/sonavetcha.com\/en\/wp-json\/wp\/v2\/comments?post=30"}],"version-history":[{"count":7,"href":"https:\/\/sonavetcha.com\/en\/wp-json\/wp\/v2\/pages\/30\/revisions"}],"predecessor-version":[{"id":160,"href":"https:\/\/sonavetcha.com\/en\/wp-json\/wp\/v2\/pages\/30\/revisions\/160"}],"wp:attachment":[{"href":"https:\/\/sonavetcha.com\/en\/wp-json\/wp\/v2\/media?parent=30"}],"curies":[{"name":"wp","href":"https:\/\/api.w.org\/{rel}","templated":true}]}}