{"id":28,"date":"2025-08-15T14:19:15","date_gmt":"2025-08-15T12:19:15","guid":{"rendered":"https:\/\/sonavetcha.com\/?page_id=28"},"modified":"2025-08-23T11:51:37","modified_gmt":"2025-08-23T09:51:37","slug":"uspechy-oceneni","status":"publish","type":"page","link":"https:\/\/sonavetcha.com\/en\/uspechy-oceneni\/","title":{"rendered":"Achievements"},"content":{"rendered":"<div data-elementor-type=\"wp-page\" data-elementor-id=\"28\" class=\"elementor elementor-28\" data-elementor-post-type=\"page\">\n\t\t\t\t<div class=\"elementor-element elementor-element-f3fc4f4 e-flex e-con-boxed e-con e-parent\" data-id=\"f3fc4f4\" data-element_type=\"container\" data-settings=\"{&quot;shape_divider_top&quot;:&quot;curve&quot;}\">\n\t\t\t\t\t<div class=\"e-con-inner\">\n\t\t\t\t<div class=\"elementor-shape elementor-shape-top\" aria-hidden=\"true\" data-negative=\"false\">\n\t\t\t<svg xmlns=\"http:\/\/www.w3.org\/2000\/svg\" viewbox=\"0 0 1000 100\" preserveaspectratio=\"none\">\n    <path class=\"elementor-shape-fill\" d=\"M1000,4.3V0H0v4.3C0.9,23.1,126.7,99.2,500,100S1000,22.7,1000,4.3z\"\/>\n<\/svg>\t\t<\/div>\n\t\t\t\t<div class=\"elementor-element elementor-element-1b3c0d1 elementor-widget elementor-widget-hfe-breadcrumbs-widget\" data-id=\"1b3c0d1\" data-element_type=\"widget\" data-widget_type=\"hfe-breadcrumbs-widget.default\">\n\t\t\t\t<div class=\"elementor-widget-container\">\n\t\t\t\t\t<nav aria-label=\"Breadcrumb\"><ul class=\"hfe-breadcrumbs hfe-breadcrumbs-show-home\"><li class=\"hfe-breadcrumbs-item hfe-breadcrumbs-first\"><span class=\"hfe-breadcrumbs-home-icon\"><svg aria-hidden=\"true\" class=\"e-font-icon-svg e-fas-home\" viewbox=\"0 0 576 512\" xmlns=\"http:\/\/www.w3.org\/2000\/svg\"><path d=\"M280.37 148.26L96 300.11V464a16 16 0 0 0 16 16l112.06-.29a16 16 0 0 0 15.92-16V368a16 16 0 0 1 16-16h64a16 16 0 0 1 16 16v95.64a16 16 0 0 0 16 16.05L464 480a16 16 0 0 0 16-16V300L295.67 148.26a12.19 12.19 0 0 0-15.3 0zM571.6 251.47L488 182.56V44.05a12 12 0 0 0-12-12h-56a12 12 0 0 0-12 12v72.61L318.47 43a48 48 0 0 0-61 0L4.34 251.47a12 12 0 0 0-1.6 16.9l25.5 31A12 12 0 0 0 45.15 301l235.22-193.74a12.19 12.19 0 0 1 15.3 0L530.9 301a12 12 0 0 0 16.9-1.6l25.5-31a12 12 0 0 0-1.7-16.93z\"><\/path><\/svg><\/span><a href=\"https:\/\/sonavetcha.com\/en\"><span class=\"hfe-breadcrumbs-text\">Home<\/span><\/a><\/li><\/ul><\/nav>\t\t\t\t<\/div>\n\t\t\t\t<\/div>\n\t\t\t\t\t<\/div>\n\t\t\t\t<\/div>\n\t\t<div class=\"elementor-element elementor-element-7110cf1 e-flex e-con-boxed e-con e-parent\" data-id=\"7110cf1\" data-element_type=\"container\">\n\t\t\t\t\t<div class=\"e-con-inner\">\n\t\t\t\t<div class=\"elementor-element elementor-element-eb270fe elementor-widget elementor-widget-html\" data-id=\"eb270fe\" data-element_type=\"widget\" data-widget_type=\"html.default\">\n\t\t\t\t\t<div class=\"artist-profile\">\n\n  <h2>Professional artistic activities<\/h2>\n  <ul>\n    <li>member of the international association of composers and performers \u2018\u2018F\u00f6reningen Musikspektra T\u2019\u2019, Sweden (2017)<\/li>\n    <li>member of \u201cUM\u011aLECK\u00c9 BESEDA\u201d (art association bringing together artists from the musical, visual and literary fields), Prague (2019)<\/li>\n    <li>member of the composers' association \"KONVERGENCE\", Prague (2019)<\/li>\n    <li>member of the \u201cAssociation of Czech Composers\u201d, Prague (2019)<\/li>\n  <\/ul>\n\n\n  <h2>Achievements<\/h2>\n  <ul>\n    <li>International doctoral award \"Ivan Juritz Prize 2022\", King's College London - long list, 3rd place in the category <em>Music and sound<\/em>, composition <em>Labyrint<\/em>, 2022<\/li>\n    <li>Generation 2022 \u2013 3rd prize, composition <em>Parallel worlds<\/em><\/li>\n    <li>Generation 2022 \u2013 AHUV Award for the best Czech composer under 30, composition <em>Parallel worlds<\/em><\/li>\n    <li>Musica Nova 2021 \u2013 Honorary Award for Audiovisual Composition <em>Wavelengths<\/em><\/li>\n    <li>HAMU Dean's Award \u2013 Prof. Ivan Kl\u00e1nsk\u00fd for exceptional academic results and representation of HAMU, 2021\/2022<\/li>\n    <li>OSA Awards 2021 \u2013 category winner <strong>Nej\u00fasp\u011b\u0161n\u011bj\u0161\u00ed mlad\u00e1 autorka v\u00e1\u017en\u00e9 hudby<\/strong>, <a href=\"https:\/\/www.ceskatelevize.cz\/porady\/14296187023-16-vyrocni-ceny-osa\/\">here<\/a><\/li>\n    <li>Ivan Juritz Prize 2021 \u2013 2nd place, composition <em>Cuts<\/em>, <a href=\"http:\/\/www.ivanjuritzprize.co.uk\/shortlist\/\">here<\/a><\/li>\n    <li>Score Follower (USA) \u2013 song selection <em>Hyperkrychle<\/em>, 2021<\/li>\n    <li>Generace 2021 \u2013 3. cena, skladba <em>Eternity of CH<\/em><\/li>\n    <li>Generation 2021 \u2013 AHUV Award, composition <em>Eternity of CH<\/em><\/li>\n    <li>Czech Radio nomination \u2013 composition <em>Hyperkrychle<\/em>, projekt <em>Hidden treasures mixtape<\/em>, <a href=\"https:\/\/rostrumplus.net\/hidden-treasures\/\">here<\/a><\/li>\n    <li>Musica Nova 2020 - 2nd Prize, Composition <em>Solo in solo ?<\/em>, <a href=\"https:\/\/operaplus.cz\/mezinarodni-kompozicni-soutez-musica-nova-zna-sve-viteze-jejich-koncert-se-letos-uskutecni-online\/\">here<\/a><\/li>\n    <li>Generation 2019 \u2013 3rd prize, composition <em>Paleta frekvenc\u00ed<\/em><\/li>\n    <li>Convergence call4scores17 \u2013 song selection <em>Odrazy vodn\u00edch zrcadel<\/em>, 2018<\/li>\n    <li>Generation 2018 \u2013 1st prize and AHUV prize, composition <em>Cracks in space-time<\/em><\/li>\n    <li>Generation 2017 \u2013 AHUV Award, composition <em>Pr\u016fhledn\u00e9 clony<\/em><\/li>\n    <li>Generation 2010 \u2013 2nd prize, composition <em>Skladba pro cembalo, varhany, hoboj a wood blocky<\/em><\/li>\n  <\/ul>\n\n  <h2>CDs released<\/h2>\n  <ul>\n    <li><em>New Czech melodramas<\/em> , composition <em>Canto 23 from Dante's Divine Comedy<\/em>, piano Jan Du\u0161ek, recitation Jarom\u00edr Meduna, Zden\u011bk Fibich Society, 2015<\/li>\n    <li><em>Jana Jarkovsk\u00e1: Flute with her own voice<\/em> , composition <em>Solo in solo ?<\/em>, Radioservis, 2020<\/li>\n    <li><em>A selection of pieces by Czech composers...<\/em> , composition <em>Cuts<\/em>, Hradec Kr\u00e1lov\u00e9 Philharmonic, HIS, 2021<\/li>\n    <li><em>Stepan Filipek: 9<\/em> , composition <em>Hypnosis<\/em> for solo cello, Radioservis, 2022<\/li>\n  <\/ul>\n\n  <h2>Media<\/h2>\n  <ul>\n    <li>Futurissimo \u2013 interview on Ren\u00e1ta Spisarov\u00e1\u2019s show \u2013 Kot\u00edk, recording of the Berg Orchestra concert, composition <em>Reflections of heavenly stars<\/em>, Czech Radio Vltava, 2022<\/li>\n    <li>Boris Klepal: article \"Man is a compositional instrument for me\", OPUS MUSICUM, 2\/2022<\/li>\n    <li>Ivan Juritz Prize 2021 \u2013 article <em>Cuts<\/em>, Taylor and Francis Group, 9. 5. 2022<\/li>\n    <li>HAMU magazine, interview \"I am lucky to have those who try to give young people a chance\", April 2022<\/li>\n    <li>Futurissimo - Contemplus Festival, track <em>Labyrint<\/em>, \u010cRo Vltava, 2021<\/li>\n    <li>Ji\u0159\u00ed Slabihoudek: review of the 11th year of Contempuls, HIS Voice, 2021<\/li>\n    <li>Futurissimo \u2013 Music Olomouc, composition <em>Parallel worlds<\/em>, Ensemble for new music Tallinn, \u010cRo Vltava, 2021, <a href=\"https:\/\/www.mujrozhlas.cz\/futurissimo\">here<\/a><\/li>\n    <li>Veronika Kolou\u0161kov\u00e1: interview, OSA Magazine, 2021, <a href=\"https:\/\/www.osa.cz\/storage\/AutorIn\/1-2000\/55-pdf-autorin-03-2021-DOUBLE-PAGE-WEB.pdf\">here<\/a><\/li>\n    <li>Futurissimo \u2013 interview with Boris Klepal: \u201cHypercube and Seven Words\u201d, Czech Radio Vltava, 2021, <a href=\"https:\/\/www.mujrozhlas.cz\/futurissimo\/hyperkrychle-sedm-slov-hudba-ve-ctyrrozmernem-i-duchovnim-prostoru\">here<\/a><\/li>\n    <li>Boris Klepal: \"Score and Performance \u2013 Hypercube\", HIS Voice, 2021, <a href=\"https:\/\/www.hisvoice.cz\/partitura-a-provedeni-sona-vetcha-hyperkrychle\/\">here<\/a><\/li>\n    <li>Interview with \u0160t\u011bp\u00e1n Fil\u00edpek, KlasikaPlus.cz, 2021, <a href=\"https:\/\/www.klasikaplus.cz\/rozhovor\/item\/4562-sona-vetcha-pritahuji-me-taje-lidskeho-podvedomi\">here<\/a><\/li>\n  <\/ul>\n\n<\/div>\n\n<style>\n.artist-profile {\n  font-family: \"Georgia\", serif;\n  line-height: 1.6;\n  max-width: 900px;\n  margin: 40px auto;\n  color: #222;\n}\n\n.artist-profile h2 {\n  font-size: 1.6rem;\n  margin: 30px 0 15px;\n  padding-bottom: 5px;\n  border-bottom: 2px solid #0056b3;\n  color: #0056b3;\n}\n\n.artist-profile ul {\n  list-style: none;\n  padding-left: 0;\n  margin: 0 0 20px;\n}\n\n.artist-profile li {\n  position: relative;\n  padding-left: 25px;\n  margin-bottom: 10px;\n}\n\n.artist-profile li::before {\n  content: \"\u2022\";\n  position: absolute;\n  left: 0;\n  top: 0;\n  color: #0056b3;\n  font-weight: bold;\n}\n\n.artist-profile a {\n  color: #0056b3;\n  text-decoration: underline;\n}\n\n.artist-profile a:hover {\n  color: #003366;\n  text-decoration: none;\n}\n<\/style>\n\t\t\t\t<\/div>\n\t\t\t\t\t<\/div>\n\t\t\t\t<\/div>\n\t\t\t\t<\/div>","protected":false},"excerpt":{"rendered":"<p>\u00davod Profesn\u011b um\u011bleck\u00e9 aktivity \u010dlenka mezin\u00e1rodn\u00edho sdru\u017een\u00ed skladatel\u016f a interpret\u016f \u2018\u2018F\u00f6reningen Musikspektra T\u2018\u2018, \u0160v\u00e9dsko (2017) \u010dlenka \u201cUM\u011aLECK\u00c9 BESEDY\u201d (um\u011bleck\u00fd spolek [&hellip;]<\/p>","protected":false},"author":1,"featured_media":0,"parent":0,"menu_order":0,"comment_status":"closed","ping_status":"closed","template":"elementor_header_footer","meta":{"site-sidebar-layout":"no-sidebar","site-content-layout":"plain-container","ast-site-content-layout":"full-width-container","site-content-style":"default","site-sidebar-style":"default","ast-global-header-display":"","ast-banner-title-visibility":"","ast-main-header-display":"","ast-hfb-above-header-display":"","ast-hfb-below-header-display":"","ast-hfb-mobile-header-display":"","site-post-title":"","ast-breadcrumbs-content":"","ast-featured-img":"disabled","footer-sml-layout":"","theme-transparent-header-meta":"enabled","adv-header-id-meta":"","stick-header-meta":"","header-above-stick-meta":"","header-main-stick-meta":"","header-below-stick-meta":"","astra-migrate-meta-layouts":"default","ast-page-background-enabled":"default","ast-page-background-meta":{"desktop":{"background-color":"var(--ast-global-color-5)","background-image":"","background-repeat":"repeat","background-position":"center center","background-size":"auto","background-attachment":"scroll","background-type":"","background-media":"","overlay-type":"","overlay-color":"","overlay-opacity":"","overlay-gradient":""},"tablet":{"background-color":"","background-image":"","background-repeat":"repeat","background-position":"center center","background-size":"auto","background-attachment":"scroll","background-type":"","background-media":"","overlay-type":"","overlay-color":"","overlay-opacity":"","overlay-gradient":""},"mobile":{"background-color":"","background-image":"","background-repeat":"repeat","background-position":"center center","background-size":"auto","background-attachment":"scroll","background-type":"","background-media":"","overlay-type":"","overlay-color":"","overlay-opacity":"","overlay-gradient":""}},"ast-content-background-meta":{"desktop":{"background-color":"var(--ast-global-color-4)","background-image":"","background-repeat":"repeat","background-position":"center center","background-size":"auto","background-attachment":"scroll","background-type":"","background-media":"","overlay-type":"","overlay-color":"","overlay-opacity":"","overlay-gradient":""},"tablet":{"background-color":"var(--ast-global-color-4)","background-image":"","background-repeat":"repeat","background-position":"center center","background-size":"auto","background-attachment":"scroll","background-type":"","background-media":"","overlay-type":"","overlay-color":"","overlay-opacity":"","overlay-gradient":""},"mobile":{"background-color":"var(--ast-global-color-4)","background-image":"","background-repeat":"repeat","background-position":"center center","background-size":"auto","background-attachment":"scroll","background-type":"","background-media":"","overlay-type":"","overlay-color":"","overlay-opacity":"","overlay-gradient":""}},"footnotes":""},"class_list":["post-28","page","type-page","status-publish","hentry"],"_links":{"self":[{"href":"https:\/\/sonavetcha.com\/en\/wp-json\/wp\/v2\/pages\/28","targetHints":{"allow":["GET"]}}],"collection":[{"href":"https:\/\/sonavetcha.com\/en\/wp-json\/wp\/v2\/pages"}],"about":[{"href":"https:\/\/sonavetcha.com\/en\/wp-json\/wp\/v2\/types\/page"}],"author":[{"embeddable":true,"href":"https:\/\/sonavetcha.com\/en\/wp-json\/wp\/v2\/users\/1"}],"replies":[{"embeddable":true,"href":"https:\/\/sonavetcha.com\/en\/wp-json\/wp\/v2\/comments?post=28"}],"version-history":[{"count":13,"href":"https:\/\/sonavetcha.com\/en\/wp-json\/wp\/v2\/pages\/28\/revisions"}],"predecessor-version":[{"id":154,"href":"https:\/\/sonavetcha.com\/en\/wp-json\/wp\/v2\/pages\/28\/revisions\/154"}],"wp:attachment":[{"href":"https:\/\/sonavetcha.com\/en\/wp-json\/wp\/v2\/media?parent=28"}],"curies":[{"name":"wp","href":"https:\/\/api.w.org\/{rel}","templated":true}]}}